{"id":477,"date":"2022-06-22T11:13:17","date_gmt":"2022-06-22T09:13:17","guid":{"rendered":"https:\/\/www.canismarritietrovati.it\/what-to-do-in-the-event-of-a-dog-being-lost\/"},"modified":"2023-10-27T09:37:30","modified_gmt":"2023-10-27T07:37:30","slug":"what-to-do-in-the-event-of-a-dog-being-lost","status":"publish","type":"page","link":"https:\/\/www.canismarritietrovati.it\/en\/what-to-do-in-the-event-of-a-dog-being-lost\/","title":{"rendered":"What to do in the event of a dog being lost"},"content":{"rendered":"<div id=\"accordionExample\" class=\"accordion\">\n<div class=\"accordion-item\">\n<h2 id=\"headingOne\" class=\"accordion-header\"><button class=\"accordion-button collapsed\" type=\"button\" data-bs-toggle=\"collapse\" data-bs-target=\"#collapseOne\" aria-expanded=\"false\" aria-controls=\"collapseOne\"><strong>Le prime cose da fare nel caso in cui il nostro fido si perda sono:<\/strong><\/button><\/h2>\n<div id=\"collapseOne\" class=\"accordion-collapse collapse\" aria-labelledby=\"headingOne\" data-bs-parent=\"#accordionExample\">\n<div class=\"accordion-body\">\n<ul>\n<li>Fare mente locale per cercare di stabilire data, ora, luogo e modalit\u00e0 dello smarrimento.<\/li>\n<li><strong>Iniziare le ricerche del cane<\/strong>. Se avete la possibilit\u00e0 chiedete l\u2019intervento di altre persone. Se si ricerca in gruppo si riesce a coprire un&#8217;area molto grande in poco tempo. Spesso il cane ritorna dove ha visto il proprietario l\u2019ultima volta. Sarebbe opportuno che una persona restasse ferma l\u00ec, possibilmente avendo un indumento con l\u2019odore del proprietario, oppure lasciate sul luogo qualcosa che porti il vostro odore. Partite dal luogo in cui \u00e8 stato avvistato l\u2019ultima volta.<\/li>\n<li>Mentre effettuiamo la ricerca \u00e8 sempre consigliabile <strong>chiedere alle persone della zona se l\u2019hanno avvistato,\u00a0mostrandogli una foto e raccontandogli le caratteristiche specifiche come: colore, razza o tipo di cane e sesso<\/strong>.<\/li>\n<li><strong>E\u2019 meglio che il cane venga chiamato da voci familiari. <\/strong>Se si sentisse chiamato da chiunque potrebbe spaventarsi e sentirsi assediato, cambiare zona e allontanarsi.<strong> I cani quando si smarriscono, possono entrare nel panico, e non riconoscere neanche la voce del proprietario stesso. <\/strong>Chiedete alle persone che vi aiutano <strong>di segnalarvi immediatamente eventuali avvistamenti<\/strong>, di provare ad avvicinare il cane, magari con l\u2019aiuto di un bocconcino, ma di <strong>NON rincorrerlo se si allontana! <\/strong>Potrebbe allontanarsi molto tentando la fuga. I cani sono molto pi\u00f9 veloci di noi.<\/li>\n<li><strong>E\u2019 consigliabile non allontanarsi dall\u2019area in cui si \u00e8 perso<\/strong>, neanche dopo lunghe ricerche e con il giungere della notte. <strong>I cani sono dotati di capacit\u00e0 percettive pi\u00f9 di quanto immaginiamo.<\/strong> Nella maggior parte dei casi <strong>siamo il loro punto di riferimento.<\/strong> Se sentono la nostra assenza, cominciano a vagare e perdere i riferimenti, allontanandosi. I cani sono capaci di percorrere grandi distanze in poco tempo. Nel caso in cui non si possa restare ad oltranza, \u00e8 utile lasciare un proprio indumento e un oggetto di uso del proprio cane (ciotola, copertina, cuccia,..)<\/li>\n<li><strong>Sarebbe opportuno che qualcuno nel frattempo fosse a casa a controllare se il cane fa ritorno da solo.<\/strong> Potrebbe essere dietro la porta ad aspettarci intimorito e spaventato.<\/li>\n<\/ul>\n<\/div>\n<\/div>\n<\/div>\n<div class=\"accordion-item\">\n<h2 id=\"headingTwo\" class=\"accordion-header\"><button class=\"accordion-button collapsed\" type=\"button\" data-bs-toggle=\"collapse\" data-bs-target=\"#collapseTwo\" aria-expanded=\"false\" aria-controls=\"collapseTwo\"><strong>Se la prima fase non ha portato a esito positivo dovremo iniziare con la seconda:<\/strong><\/button><\/h2>\n<div id=\"collapseTwo\" class=\"accordion-collapse collapse\" aria-labelledby=\"headingTwo\" data-bs-parent=\"#accordionExample\">\n<div class=\"accordion-body\">\n<ul>\n<li><strong>Creare dei volantini da affiggere in giro nel luogo o nella zona in cui \u00e8 scomparso il cane<\/strong>, in modo tale che le persone tramite il volantino con l&#8217;immagine, il nome del cane e un vostro recapito telefonico, possano identificarlo e segnalarlo, se non addirittura metterlo in sicurezza mentre vi avvisano.<\/li>\n<li><strong>Denunciare lo smarrimento del cane<\/strong>\u00a0tramite documento scritto alle autorit\u00e0 competenti (polizia municipale, carabinieri), e farsi rilasciare copia<\/li>\n<li><strong>Se il cane \u00e8 microchippato o tatuato, va denunciato lo smarrimento direttamente alla ASL competente<\/strong>, rilasciando copia della denuncia alle forze dell\u2019ordine e copia dell\u2019iscrizione anagrafica del vostro cane. La ASL di risposta vi dovr\u00e0 inviare la registrazione di smarrimento del vostro cane.<\/li>\n<li><strong>Inserire un annuncio di smarrimento sui siti competenti e social (CANIsmarritietrovati.it). <\/strong>Inserire <strong>le informazioni descrittive del vostro cane<\/strong>(razza o tipologia di razza, sesso, et\u00e0, microchip presente o no, segni particolari, taglia, presenza di collare, pettorina, medaglietta..), <strong>allegate foto<\/strong> possibilmente una frontale e una laterale. <strong>Indicate uno o due recapiti telefonici<\/strong>, e chiedete di avvisarvi in caso di avvistamenti, sottolineando di fare foto o video prima ancora di tentare di avvicinare il cane per metterlo in sicurezza. Tramite un\u2019immagine del cane avvistato avete la certezza che si tratti del vostro. CANIsmarritietrovati.it pubblicher\u00e0 in automatico su Facebook il vostro annuncio con tutti i dati da voi inseriti e foto del cane. Pubblicheremo in seguito l\u2019annuncio sui nostri social Instagram, Twitter, TikTok<\/li>\n<li>E\u2019 opportuno<strong> preallertare i canili comunali della zona e le varie associazioni o enti che raccolgono i cani<\/strong>.<\/li>\n<\/ul>\n<\/div>\n<\/div>\n<\/div>\n<div class=\"accordion-item\">\n<h2 id=\"headingThree\" class=\"accordion-header\"><button class=\"accordion-button collapsed\" type=\"button\" data-bs-toggle=\"collapse\" data-bs-target=\"#collapseThree\" aria-expanded=\"false\" aria-controls=\"collapseThree\"><br \/>\n<strong>Una volta fatto tutto ci\u00f2 bisogner\u00e0 continuare quotidianamente le ricerche del nostro cane cercandolo nei dintorni e nei luoghi in cui \u00e8 stato avvistato, \u00e8 importante controllare anche:<\/strong><\/button><\/h2>\n<div id=\"collapseThree\" class=\"accordion-collapse collapse\" aria-labelledby=\"headingThree\" data-bs-parent=\"#accordionExample\">\n<div class=\"accordion-body\">\n<ul>\n<li><strong>Negli ambulatori della zona,<\/strong>\u00a0il cane potrebbe essere stato condotto l\u00ec per essere visitato e dunque curato in caso ne abbia bisogno.<\/li>\n<li><strong>Controllare i vari siti internet che hanno bacheche in cui le persone pubblicano gli annunci dei cani ritrovati\u00a0<\/strong>e vedere se tra loro \u00e8 presente il nostro cane.<\/li>\n<li><strong>Cercare il cane nei canili comunali e canili privati della propria citt\u00e0<\/strong>, o nei vari luoghi in cui sono attrezzati per tenere i cani trovati per strada. Informarsi sui centri pi\u00f9 vicini alla zona di residenza o comunque alla zona in cui il cane si \u00e8 perso, in modo tale da avere maggiori possibilit\u00e0 di trovarlo e riportarlo a casa.<\/li>\n<\/ul>\n<\/div>\n<\/div>\n<\/div>\n<div class=\"accordion-item\">\n<h2 id=\"headingFour\" class=\"accordion-header\"><button class=\"accordion-button collapsed\" type=\"button\" data-bs-toggle=\"collapse\" data-bs-target=\"#collapseFour\" aria-expanded=\"false\" aria-controls=\"collapseFour\"><strong>Se le nostre ricerche giungeranno ad esito positivo dovremo fare le seguenti cose:<\/strong><\/button><\/h2>\n<div id=\"collapseFour\" class=\"accordion-collapse collapse\" aria-labelledby=\"headingFour\" data-bs-parent=\"#accordionExample\">\n<div class=\"accordion-body\">\n<ul>\n<li><strong>Andare con il cane dal veterinario di fiducia<\/strong>, che effettuer\u00e0 i dovuti controlli per stabilire che il cane sia in salute.<\/li>\n<li><strong>Se il cane non possiede un microchip andate di corsa dal veterinario a farglielo inserire<\/strong>, cos\u00ec da ritrovarlo pi\u00f9 facilmente in caso di perdita, ma soprattutto \u00e8 un obbligo stabilito dalla legge!!<\/li>\n<li><strong>Nelle uscite con il vostro cane subito dopo l\u2019incidente, fate particolare attenzione<\/strong>: il cane potrebbe essere ancora traumatizzato e prendere la fuga. Pertanto si consiglia di tenerlo al guinzaglio o di usare una lunghina di alcuni metri, ed osservare come si comporta.<\/li>\n<li><strong>Comunicare il ritrovamento del cane a tutti gli enti e a tutte le persone coinvolte<\/strong>, nonch\u00e9 siti.<\/li>\n<li><strong>Rimuovere tutti i volantini posizionati in giro<\/strong>, per mantenere pulito e poi informarsi sugli eventuali danni arrecati dal proprio cane in giro nel periodo in cui \u00e8 rimasto smarrito<\/li>\n<\/ul>\n<\/div>\n<\/div>\n<\/div>\n<div class=\"accordion-item\">\n<h2 id=\"headingFive\" class=\"accordion-header\"><button class=\"accordion-button collapsed\" type=\"button\" data-bs-toggle=\"collapse\" data-bs-target=\"#collapseFive\" aria-expanded=\"false\" aria-controls=\"collapseFive\"><strong>Your legal obligations in case your dog goes missing<\/strong>\u00a0(whether due to theft, loss or runaway).<\/button><\/h2>\n<div id=\"collapseFive\" class=\"accordion-collapse collapse\" aria-labelledby=\"headingFive\" data-bs-parent=\"#accordionExample\">\n<div class=\"accordion-body\">You must <strong>report your dog&#8217;s disappearance to the competent authorities<\/strong> within 3 days of the incident. Reporting is a tool that can be useful in the event the dog is found, but above all it is\u00a0<strong>compulsory by law<\/strong>. Not reporting the disappearance of your dog may <strong>lead to criminal consequences<\/strong>.<\/p>\n<p><strong>Who should file a lost dog report?<\/strong><\/p>\n<ul>\n<li>The owner but also the custodian (for example the dog walker) can file a report if the owner is not available in time.<\/li>\n<\/ul>\n<p><strong>To whom should a lost dog be reported?<\/strong><\/p>\n<ul>\n<li>The report should be made to the police, who will issue a copy of the report.<\/li>\n<\/ul>\n<p><strong>What happens after I file the report?<\/strong><\/p>\n<ul>\n<li>The authority receiving the report must simultaneously register it with the dog registry and issue a receipt to the complainant. It is advisable to personally send an e-mail with the report of loss, issued by the police, and the dog&#8217;s registration document together with your own identification document to the veterinary prevention department of the ASL<\/li>\n<\/ul>\n<p><strong>What are the legal risks of not reporting?<\/strong><\/p>\n<ul>\n<li><strong>Anyone who loses a dog and does not report it risks<\/strong>, in addition to <strong>the penalty for not reporting it<\/strong>, <strong>the penalty for abandoning animals<\/strong> (Art. 727 Penal Code). The presence of a microchip or tattoo makes your dog recognisable and in the event of discovery the authorities will have no difficulty in identifying the owner. <strong>The microchip or tattoo is a legal requirement!<\/strong> If your dog does not have one, it is your duty to get one as soon as possible.<\/li>\n<li><strong>Italian law prohibits the abandonment<\/strong>, not only of dogs and cats, but of all animals, under Article 727 of the penal code, which states in its first paragraph &#8220;<strong>Anyone who abandons domestic animals or animals that have acquired the habits of captivity shall be punished by imprisonment of up to one year or a fine of \u20ac1,000 to \u20ac10,000.<\/strong>&#8220;<\/li>\n<li>According to the Italian Ministry of Health, &#8220;<strong><em>whoever abandons a dog, therefore, not only commits a criminal offence (Law No. 189 of 20 July 2004), but may also be responsible for manslaughter<\/em><\/strong>&#8221; as abandoned dogs often cause fatal road accidents.<\/li>\n<li>The last aspect to be considered is that, without reporting your dog missing, it is not possible to claim the return of the dog in the event that it has been found and given temporarily or definitively to another family.<\/li>\n<\/ul>\n<p><strong><em>!!In conclusion, in the event of loss, <u>reporting it to the competent authorities<\/u> is not simply an act of common sense and love but a <u>real legal obligation which, if not complied with, carries criminal consequences<\/u>!!<\/em><\/strong><\/p>\n<\/div>\n<\/div>\n<\/div>\n<\/div>\n","protected":false},"excerpt":{"rendered":"<p>Le prime cose da fare nel caso in cui il nostro fido si perda sono: Fare mente locale per cercare di stabilire data, ora, luogo e modalit\u00e0 dello smarrimento. Iniziare le ricerche del cane. Se avete la possibilit\u00e0 chiedete l\u2019intervento di altre persone. Se si ricerca in gruppo si riesce a coprire un&#8217;area molto grande [&#8230;]<\/p>\n<p><a class=\"btn btn-primary p-3 understrap-read-more-link\" href=\"https:\/\/www.canismarritietrovati.it\/en\/what-to-do-in-the-event-of-a-dog-being-lost\/\">Read More&#8230;<span class=\"screen-reader-text\"> from What to do in the event of a dog being lost<\/span><\/a><\/p>\n","protected":false},"author":4,"featured_media":0,"parent":0,"menu_order":0,"comment_status":"closed","ping_status":"closed","template":"page-templates\/templateCCC_smarrito.php","meta":{"footnotes":""},"class_list":["post-477","page","type-page","status-publish","hentry"],"jetpack_sharing_enabled":true,"_links":{"self":[{"href":"https:\/\/www.canismarritietrovati.it\/en\/wp-json\/wp\/v2\/pages\/477","targetHints":{"allow":["GET"]}}],"collection":[{"href":"https:\/\/www.canismarritietrovati.it\/en\/wp-json\/wp\/v2\/pages"}],"about":[{"href":"https:\/\/www.canismarritietrovati.it\/en\/wp-json\/wp\/v2\/types\/page"}],"author":[{"embeddable":true,"href":"https:\/\/www.canismarritietrovati.it\/en\/wp-json\/wp\/v2\/users\/4"}],"replies":[{"embeddable":true,"href":"https:\/\/www.canismarritietrovati.it\/en\/wp-json\/wp\/v2\/comments?post=477"}],"version-history":[{"count":0,"href":"https:\/\/www.canismarritietrovati.it\/en\/wp-json\/wp\/v2\/pages\/477\/revisions"}],"wp:attachment":[{"href":"https:\/\/www.canismarritietrovati.it\/en\/wp-json\/wp\/v2\/media?parent=477"}],"curies":[{"name":"wp","href":"https:\/\/api.w.org\/{rel}","templated":true}]}}