{"id":3638,"date":"2023-10-26T15:39:44","date_gmt":"2023-10-26T13:39:44","guid":{"rendered":"https:\/\/www.canismarritietrovati.it\/?page_id=3638"},"modified":"2023-10-27T09:37:52","modified_gmt":"2023-10-27T07:37:52","slug":"informativa-sul-trattamento-dei-dati-degli-utenti-che-si-registrano-per-aderire-a-cani-smarriti-e-trovati-aps","status":"publish","type":"page","link":"https:\/\/www.canismarritietrovati.it\/en\/informativa-sul-trattamento-dei-dati-degli-utenti-che-si-registrano-per-aderire-a-cani-smarriti-e-trovati-aps\/","title":{"rendered":"INFORMATIVA SUL TRATTAMENTO DEI DATI DEGLI UTENTI CHE SI REGISTRANO PER ADERIRE A CANI smarriti e trovati APS"},"content":{"rendered":"<p>Ai sensi dell&#8217;articolo 13 del Regolamento (UE) 2016\/67<\/p>\n<p>Titolare del trattamento \u00e8 CANI smarriti e trovati APS, con sede legale a Piazza Vittorio Emanuele II, 144 &#8211; 00185 Roma.<\/p>\n<p>Per diventare SOCIO l\u2019utente compila il format di registrazione presente sul sito www.canismarritietrovati.it (\u201cdiventa socio\u201d) comunicando i suoi dati anagrafici e di contatto.<\/p>\n<p>L\u2019\u2019utente \u00e8 responsabile della veridicit\u00e0 dei dati inseriti, compresi quelli di minore di anni 14 per il quale si dichiara titolare della responsabilit\u00e0 genitoriale (art. 8 del \u201cRegolamento\u201d).<\/p>\n<p>A CANI smarriti e trovati possono iscriversi anche istituti scolastici e singole classi che intraprendono un particolare percorso educativo con il consenso informato dei genitori degli alunni minorenni. Libera specifica che, in caso di adesione di scuole\/ classi , come di associazioni locali e nazionali, il sito richiede solo i dati identificativi dell\u2019\u2019istituto\/classe\/associazione, e i dati di contatto dell\u2019utente che effettua la registrazione.<\/p>\n<p>Le attivit\u00e0 di trattamento dei dati del socio sono eserciate da incaricati dell\u2019 UFFICIO TESSERAMENTO, autorizzati dal titolare, ai sensi dell\u2019articolo 2 quaterdecies del Dlgs 196\/2003, che operano nel rispetto degli specifici compiti assegnati .<\/p>\n<p>La adesione alla associazione \u00e8 la base giuridica del trattamento, pertanto i dati registrati dal sistema sono necessari per dare corso alla richiesta di iscrizione. Il conferimento dei dati \u00e8 pertanto obbligatorio per organizzare tutte le attivit\u00e0 funzionali alla richiesta di adesione; adempimenti amministrativi e contabili previsti dalla legislazione vigente, gestione del socio, informazione sul bilancio e le attivit\u00e0 associative, campagne di tesseramento, campagne 5&#215;1000.<\/p>\n<p>Il socio pu\u00f2 invece negare il suo consenso a specifiche attivit\u00e0 di trattamento non direttamente connesse al rapporto associativo come:<\/p>\n<p>la profilazione che prevede l\u2019analisi di aspetti e comportamenti del socio nei confronti dell\u2019associazione (art. 22 Regolamento) utili a valutare la efficacia delle scelte operate dal titolare nell\u2019ambito dei propri scopi sociali;<\/p>\n<p>In assenza del consenso esplicito da parte dell\u2019interessato, CANI smarriti e trovati APS non eserciter\u00e0 tali trattamenti.<\/p>\n<p>I dati non saranno trasferiti all\u2019estero ma potranno essere comunicati ai coordinatori della regione e del territorio dove risiede il socio, per consentire la sua partecipazione alla vita associativa locale (assemblee, eventi pubblici, seminari, convegni).<\/p>\n<p>In ogni caso i dati non saranno diffusi a terzi soggetti indeterminati, ma potranno essere comunicati &#8211; esclusivamente per le finalit\u00e0 di cui sopra \u2013 a fornitori di servizi che saranno debitamente nominati responsabili del trattamento.<\/p>\n<p>Questi soggetti, selezionati da CANI smarriti e trovati APS in base alle specifiche competenze e alle garanzie di tutela dei dati e di riservatezza, possono accedere ai dati in forza di normative o di disposizioni di legge o per finalit\u00e0 e compiti ausiliari al rapporto intercorrente fra il socio e l\u2019associazione (ad esempio: manutentori del sistema informatico, tipografi, spedizionieri, istituti di credito, istituzioni pubbliche).<\/p>\n<p>Il periodo di conservazione dei dati \u00e8 connesso alla durata del rapporto associativo e agli obblighi di legge connessi alle finalit\u00e0 amministrative e contabili.<\/p>\n<p>CANI smarriti e trovati APS promuove e\/ o partecipa a manifestazioni pubbliche durante le quali vengono effettuate foto e riprese audio video che possono ritrarre, fra i partecipanti, i soci. Questi dati sono sempre raccolti in contesti pubblici collegati a fatti, avvenimenti, cerimonie di interesse pubblico o svolte in pubblico (\u2019art. 9 par. 2) lettera e) e art. 85 Regolamento UE 2016\/679, art. 97 legge n. 633\/ 1941)<\/p>\n<p>\u00c8 dovere del titolare informare che una manifestazione prevede che nel momento in cui ci si espone al pubblico, specie se in un luogo aperto, si accetta di poter essere fotografati ovvero ripresi, e l\u2019utilizzazione delle immagini \u00e8 sempre possibile per scopi informativi (diritto di cronaca) e per interesse pubblico all\u2019informazione. CANI smarriti e trovati eserciter\u00e0 i trattamenti connessi a questi dati sempre in contesti non lesivi dignit\u00e0 della persona e per finalit\u00e0 di divulgazione, come a titolo esemplificativo ma non esaustivo: pubblicazione sul sito di CANI smarriti e trovati, social network, realizzazione di materiale stampato, diffusione alle testate giornalistiche per attivit\u00e0 di ufficio stampa, altre attivit\u00e0 utili e funzionali al perseguimento di dette finalit\u00e0.<\/p>\n<p>Il socio pu\u00f2 esercitare tutti i diritti previsti dagli articoli da 15 a 22 \u201cRegolamento\u201d (accesso, comunicazione della loro origine, logica applicata in caso di trattamento con strumenti elettronici, cancellazione, trasformazione in forma anonima, blocco dei dati, aggiornamento, rettificazione, integrazione) rivolgendosi al Responsabile della Protezione dei Dati (RPD) c\/o CANI smarriti e trovati: email: <a href=\"mailto:info@canismarritietrovati.it\">info@canismarritietrovati.it<\/a><\/p>\n<p>In ogni caso il socio \u00e8 sempre legittimato a proporre un reclamo presso l&#8217;Autorit\u00e0 di controllo italiana (Garante per la protezione dei dati personali).<\/p>\n<p>La informativa completa sul trattamento dati esercitato dalla Associazione Libera \u00e8 consultabile al\u00a0<a href=\"https:\/\/www.libera.it\/pagine-2-privacy\">link<\/a>.<\/p>\n<p><strong>Privacy<\/strong><\/p>\n<p><strong>INFORMAZIONI SUL TRATTAMENTO DEI DATI PERSONALI<\/strong><\/p>\n<p><strong>ai sensi dell&#8217;articolo 13 del Regolamento (UE) 2016\/679<\/strong><\/p>\n<p>Ai sensi\u00a0del Regolamento (UE) 2016\/679 (di seguito &#8220;Regolamento&#8221;), questa pagina descrive le modalit\u00e0 di trattamento dei dati personali degli utenti che consultano il sito web di CANI smarriti e trovati APS www.canismarritietrovati.it<\/p>\n<p><strong>TITOLARE DEL TRATTAMENTO<\/strong><\/p>\n<p>Titolare del trattamento \u00e8 CANI smarriti e trovati APS, con sede legale e operativa a Piazza Vittorio Emanuele II, 144 &#8211; 00185 Roma (Email: <a href=\"mailto:info@canismarritietrovati.it\">info@canismarritietrovati.it<\/a> ).<\/p>\n<p><strong>RESPONSABILE DELLA PROTEZIONE DEI DATI<\/strong><\/p>\n<p>Il Responsabile della Protezione dei Dati (RPD) \u00e8 raggiungibile al seguente indirizzo: CANI smarriti e trovati APS, con sede legale e operativa a Piazza Vittorio Emanuele II, 144 &#8211; 00185 Roma (Email: <a href=\"mailto:info@canismarritietrovati.it\">info@canismarritietrovati.it<\/a> ).<\/p>\n<p>Il sito di CANI smarriti e trovati (www.canismarritietrovati.it) rispetta la privacy dei propri utenti e si impegna a proteggere i dati personali che gli stessi conferiscono. In generale, l&#8217;utente pu\u00f2 navigare sul sito\u00a0senza fornire alcun tipo di informazione personale. La raccolta e\u00a0il trattamento di dati personali avvengono, quando necessarie a CANI smarriti e trovati,\u00a0in relazione alla richiesta da parte dell&#8217;utente\u00a0di servizi specifici, o quando l&#8217;utente stesso decide di comunicare i propri dati personali; in tali circostanze, la presente politica della privacy illustra le modalit\u00e0 ed i caratteri di raccolta e trattamento dei dati personali dell&#8217;utente. CANI smarriti e trovati\u00a0tratta i dati personali forniti dagli utenti in conformit\u00e0 alla normativa vigente.<\/p>\n<p><strong>Raccolta di Dati Personali<\/strong><br \/>\nPer dati personali intendiamo qualsiasi informazione che possa essere impiegata per identificare un individuo, una societ\u00e0 od altro ente. A titolo puramente esemplificativo e non esaustivo viene raccolto ad esempio il nome ed il cognome, l&#8217;indirizzo di posta elettronica (e-mail), l&#8217;indirizzo, un recapito postale od altro recapito di carattere fisico e\u00a0altre informazioni necessarie per contattare l&#8217;utente. Al tempo stesso raccogliamo la qualifica, la data di nascita. La navigazione sul sito di CANI smarriti e trovati APS www.canismarritietrovati.it\u00a0avviene in forma anonima, a meno che l&#8217;utente non si sia registrato. Il sito\u00a0non compie operazioni di raccolta dati dell&#8217;utente con modalit\u00e0 automatiche. Il sito\u00a0registra l&#8217;indirizzo IP dell&#8217;utente (Internet Protocol, vale a dire l&#8217;indirizzo Internet del computer dell&#8217;utente) per avere un&#8217;idea dell&#8217;area del sito che l&#8217;utente visita e della durata della visita, nel rispetto della normativa vigente in tema di tutela di dati personali. Tuttavia, CANI smarriti e trovati APS\u00a0non mette in relazione l&#8217;indirizzo IP dell&#8217;utente con altre informazioni personali relative allo stesso se non dopo averlo debitamente informato del relativo trattamento ed avere ottenuto il suo consenso al trattamento. Come molti altri siti web aventi carattere e contenuto indirizzato ai servizi, il sito\u00a0di CANI smarriti e trovati APS ( <a href=\"https:\/\/www.canismarritietrovati.it\">www.canismarritietrovati.it<\/a> )\u00a0 pu\u00f2 impiegare una tecnologia standard chiamata &#8220;cookie&#8221; per raccogliere informazioni sulle modalit\u00e0 di uso del sito da parte dell&#8217;utente. Per ulteriori informazioni, l&#8217;utente \u00e8 invitato a consultare la seguente sezione\u00a0&#8220;Cookies\u00a0&#8220;.<br \/>\nCANI smarriti e trovati APS raccoglie i dati personali dell&#8217;utente in occasione della sua registrazione.\u00a0In particolare la registrazione \u00e8 necessaria all&#8217;utente per effettuare una donazione, aderire all&#8217;associazione, iscriversi ai campi di formazione e impegno, richiedere informazioni e in generale per partecipare a specifiche attivit\u00e0 organizzare dall&#8217;associazione.\u00a0CANI smarriti e trovati usa tali informazioni solamente ove le stesse siano state legittimamente raccolte, in conformit\u00e0 alla presente Politica della Privacy e nel rispetto della normativa vigente.<\/p>\n<p><strong>Comunicazione di Dati Personali<\/strong><br \/>\nIn caso di raccolta di dati personali, CANI smarriti e trovati APS informer\u00e0 l&#8217;utente delle finalit\u00e0 della raccolta al momento della stessa, ove necessario, richieder\u00e0 il consenso dell&#8217;utente, e\u00a0non comunicher\u00e0 i dati personali dell&#8217;utente a terzi senza il consenso dell&#8217;utente, salvo le limitate circostanze specificate in seguito nella Sezione \u00a0&#8220;Ambito di Comunicazione e Diffusione di Dati Personali&#8221;.\u00a0Se l&#8217;utente decide di fornire a CANI smarriti e trovati APS i propri dati personali, CANI smarriti e trovati APS potr\u00e0 comunicarli a terzi che prestano servizi per il sito in ragione delle proprie mansioni, e, ove necessario, con il permesso dell&#8217;utente. CANI smarriti e trovati APS invier\u00e0 all&#8217;utente materiale informativo sulle attivit\u00e0 dell&#8217;associazione, promuovendo attraverso queste comunicazioni gli eventi,\u00a0i progetti e tutte\u00a0le iniziative che possano interessarlo,\u00a0solo dopo aver informato l&#8217;utente ed aver ottenuto il consenso dello stesso al trattamento, in conformit\u00e0 alle disposizioni vigenti in tema di protezione di dati personali.<\/p>\n<p><strong>Finalit\u00e0 e Modalit\u00e0 di Trattamento dei Dati Raccolti<\/strong><br \/>\nCANI smarriti e trovati APS tratta i dati personali dell&#8217;utente per le seguenti finalit\u00e0 di carattere generale:<\/p>\n<ul>\n<li>per soddisfare le richieste su eventi, iniziative, progetti, campagne sociali e attivit\u00e0 che vengono organizzate\u00a0e altre informazioni che Libera ritiene siano di interesse dell&#8217;utente;<\/li>\n<li>per comprendere meglio i bisogni dell&#8217;utente ed offrire allo stesso servizi migliori;<\/li>\n<\/ul>\n<p>Il trattamento dei\u00a0dati personali dell&#8217;utente da parte di CANI smarriti e trovati per le finalit\u00e0 sopra specificate avviene in conformit\u00e0 alla normativa vigente a tutela di dati personali.<\/p>\n<p><strong>Ambito di Comunicazione e Diffusione di Dati Personali<\/strong><br \/>\nI dati personali dell&#8217;utente non vengono comunicati al di fuori della realt\u00e0 di CANi smarriti e trovati APS senza il consenso dell&#8217;interessato, salvo quanto di seguito specificato.<br \/>\nNell&#8217;ambito dell&#8217;organizzazione del sito, i dati sono conservati in servers controllati cui \u00e8 consentito un accesso limitato in conformit\u00e0 alla normativa vigente a tutela di dati personali.<br \/>\nCANI smarriti e trovati APS pu\u00f2 comunicare i dati personali dell&#8217;utente a terzi in uno dei seguenti casi:<\/p>\n<ul>\n<li>quando l&#8217;interessato abbia prestato il proprio consenso alla comunicazione;<\/li>\n<li>quando la comunicazione sia necessaria per fornire il prodotto o\u00a0il servizio richiesto dall&#8217;utente;<\/li>\n<li>la comunicazione sia necessaria in relazione a terzi che lavorano per conto di CANI smarriti e trovati APS\u00a0per fornire il prodotto o\u00a0il servizio richiesto dall&#8217;utente (CANI smarriti e trovati APS comunicher\u00e0 a questi solo le informazioni che si rendono necessarie in relazione alla prestazione del servizio, e\u00a0alle stesse \u00e8 vietato trattare i dati per finalit\u00e0 diverse);<\/li>\n<li>per fornire all&#8217;utente le informazioni che CANI smarriti e trovati APS ritenga l&#8217;utente sia interessato a conoscere\u00a0sulle attivit\u00e0 dell&#8217;associazione\u00a0(in qualsiasi momento l&#8217;utente potr\u00e0 richiedere di non ricevere pi\u00f9 tale tipo di informazioni).<\/li>\n<\/ul>\n<p>CANI smarriti e trovati APS inoltre divulgher\u00e0 i dati personali dell&#8217;utente in caso ci\u00f2 sia richiesto dalla legge.<\/p>\n<p><strong>Diritti dell&#8217;Utente; User Account<\/strong><br \/>\nL&#8217;utente pu\u00f2 chiedere di essere cancellato dalla newsletter,\u00a0di\u00a0limitare l&#8217;uso delle comunicazioni a lui destinate o che tutti i suoi dati in possesso di CANI smarriti e trovati APS siano cancellati semplicemente\u00a0inviando una mail al seguente indirizzo:\u00a0<a href=\"mailto:info@canismarritietrovati.it\">info@canismarritietrovati.it<\/a><\/p>\n<p><strong>Sicurezza dei Dati<\/strong><br \/>\nCANI smarriti e trovati APS adotta tutte le misure di sicurezza e le procedure fisiche, elettroniche\u00a0e\u00a0organizzative richieste dalla normativa vigente. Anche se CANI smarriti e trovati APS fa quanto ragionevolmente possibile per proteggere i dati personali dell&#8217;utente\u00a0non pu\u00f2 garantire la completa e totale sicurezza dei dati trasmessi dagli utenti durante la comunicazione on line, quindi CANI smarriti e trovati APS invita calorosamente l&#8217;utente ad adottare tutte misure precauzionali per proteggere i propri dati personali quando navigano su internet. Ad esempio, l&#8217;utente \u00e8 invitato a cambiare spesso la propria password, usare una combinazione di lettere e numeri\u00a0e\u00a0assicurarsi di navigare con un browser sicuro.<\/p>\n<p><strong>I Minori e la Privacy<\/strong><br \/>\nIl sito web di CANI smarriti e trovati APS\u00a0\u00e8 pensato per un utilizzo anche da parte di minori di 18 anni in quanto presenta contenuti puramente didattici e culturali. Quindi CANI smarriti e trovati APS non richiede, in fase di accesso l&#8217;et\u00e0\u00a0dell\u2019utente.<\/p>\n<p><strong>Siti di Terzi<\/strong><br \/>\nIl sito web di CANI smarriti e trovati APS contiene links ad altri siti. CANI smarriti e trovati APS non condivide i dati personali degli utenti\u00a0con questi siti e non \u00e8 responsabile delle pratiche degli stessi in relazione alla tutela ed al trattamento di dati personali. CANI smarriti e trovati APS invita l&#8217;utente a prendere visione delle politiche della privacy di tali siti per conoscere le modalit\u00e0 di trattamento e raccolta dei propri dati personali.<\/p>\n<p><strong>Modifiche alla politica della Privacy\u00a0<\/strong><br \/>\nCANI smarriti e trovati APS modificher\u00e0 di volta in volta la presente politica della Privacy. Qualora CANI smarriti e trovati APS modifichi in termini sostanziali le modalit\u00e0 di trattamento dei dati personali dell&#8217;utente, render\u00e0 disponibile tale informazione pubblicando apposita comunicazione sul proprio sito.<\/p>\n<p><strong>Domande o Suggerimenti<\/strong><br \/>\nIn caso di domande o dubbi in relazione alla raccolta, all&#8217;uso, al trattamento\u00a0o\u00a0alla comunicazione e\/o diffusione dei propri dati personali, l&#8217;utente pu\u00f2 inviare un&#8217;e-mail al seguente indirizzo di posta elettronica:\u00a0<a href=\"mailto:info@canismarritietrovati.it\">info@canismarritietrovati.it<\/a><br \/>\n<strong>Il presente documento \u00e8 stato aggiornato al 23 ottobre 2023<\/strong><\/p>\n","protected":false},"excerpt":{"rendered":"<p>Ai sensi dell&#8217;articolo 13 del Regolamento (UE) 2016\/67 Titolare del trattamento \u00e8 CANI smarriti e trovati APS, con sede legale a Piazza Vittorio Emanuele II, 144 &#8211; 00185 Roma. Per diventare SOCIO l\u2019utente compila il format di registrazione presente sul sito www.canismarritietrovati.it (\u201cdiventa socio\u201d) comunicando i suoi dati anagrafici e di contatto. L\u2019\u2019utente \u00e8 responsabile [&#8230;]<\/p>\n<p><a class=\"btn btn-primary p-3 understrap-read-more-link\" href=\"https:\/\/www.canismarritietrovati.it\/en\/informativa-sul-trattamento-dei-dati-degli-utenti-che-si-registrano-per-aderire-a-cani-smarriti-e-trovati-aps\/\">Read More&#8230;<span class=\"screen-reader-text\"> from INFORMATIVA SUL TRATTAMENTO DEI DATI DEGLI UTENTI CHE SI REGISTRANO PER ADERIRE A CANI smarriti e trovati APS<\/span><\/a><\/p>\n","protected":false},"author":4,"featured_media":344,"parent":0,"menu_order":0,"comment_status":"closed","ping_status":"closed","template":"page-templates\/templateCC.php","meta":{"footnotes":""},"class_list":["post-3638","page","type-page","status-publish","has-post-thumbnail","hentry"],"jetpack_sharing_enabled":true,"_links":{"self":[{"href":"https:\/\/www.canismarritietrovati.it\/en\/wp-json\/wp\/v2\/pages\/3638","targetHints":{"allow":["GET"]}}],"collection":[{"href":"https:\/\/www.canismarritietrovati.it\/en\/wp-json\/wp\/v2\/pages"}],"about":[{"href":"https:\/\/www.canismarritietrovati.it\/en\/wp-json\/wp\/v2\/types\/page"}],"author":[{"embeddable":true,"href":"https:\/\/www.canismarritietrovati.it\/en\/wp-json\/wp\/v2\/users\/4"}],"replies":[{"embeddable":true,"href":"https:\/\/www.canismarritietrovati.it\/en\/wp-json\/wp\/v2\/comments?post=3638"}],"version-history":[{"count":0,"href":"https:\/\/www.canismarritietrovati.it\/en\/wp-json\/wp\/v2\/pages\/3638\/revisions"}],"wp:featuredmedia":[{"embeddable":true,"href":"https:\/\/www.canismarritietrovati.it\/en\/wp-json\/wp\/v2\/media\/344"}],"wp:attachment":[{"href":"https:\/\/www.canismarritietrovati.it\/en\/wp-json\/wp\/v2\/media?parent=3638"}],"curies":[{"name":"wp","href":"https:\/\/api.w.org\/{rel}","templated":true}]}}